{"id":51,"date":"2016-08-31T12:29:21","date_gmt":"2016-08-31T12:29:21","guid":{"rendered":"http:\/\/www.villafleria.gr\/?page_id=51"},"modified":"2024-06-28T13:44:28","modified_gmt":"2024-06-28T10:44:28","slug":"tripsuggestions","status":"publish","type":"page","link":"https:\/\/www.villafleria.gr\/de\/tripsuggestions\/","title":{"rendered":"\u03a0\u03c1\u03bf\u03c4\u03ac\u03c3\u03b5\u03b9\u03c2 \u0395\u03ba\u03b4\u03c1\u03bf\u03bc\u03ce\u03bd"},"content":{"rendered":"<p>[vc_row][vc_column][vc_column_text]<\/p>\n<div id=\"art-main\">\n<div class=\"art-sheet\">\n<div class=\"art-content-layout\">\n<div class=\"art-content-layout-row\">\n<div class=\"art-layout-cell art-content\">\n<div class=\"item-page\">\n<div class=\"art-post\">\n<div class=\"art-post-body\">\n<div class=\"art-footer-body\">\n<h2>Ausflugstipps<\/h2>\n<p>Die geographische Lage der Villa Fleria ist ideal f\u00fcr einfache Exkursionen zu allen nat\u00fcrlichen Sch\u00f6nheiten und historischen Sehensw\u00fcrdigkeiten von Chania und Kreta.<\/p>\n<p><strong>Wir schlagen Ihnen vor:<\/strong><\/p>\n<\/div>\n<\/div>\n<\/div>\n<\/div>\n<\/div>\n<\/div>\n<\/div>\n<\/div>\n<\/div>\n<p>[\/vc_column_text][\/vc_column][\/vc_row][vc_row][vc_column width=&#8220;1\/2&#8243;][vc_column_text]Das exotische <strong>Elafonissi<\/strong>, mit seinem rosafarbenen Sand, der aus der Tausenden von Muscheln entsteht, die am Strand in kleine St\u00fccke zerbersten.[\/vc_column_text][vc_gallery interval=&#8220;0&#8243; images=&#8220;845,846,847&#8243; img_size=&#8220;full&#8220;][\/vc_column][vc_column width=&#8220;1\/2&#8243;][vc_column_text]Das wundersch\u00f6ne <strong>Falarssana<\/strong>, mit seinem gr\u00fcnblauem Gew\u00e4sser und der Antiken Unterwasserstadt. Falarssana wurde im Jahr 2002 zum sch\u00f6nsten Strand Griechenlands gek\u00fcrt. Es lohnt sich bis zum Abend zu bleiben und dort einen einmaligen Sonnenuntergang zu erleben.[\/vc_column_text][vc_gallery interval=&#8220;0&#8243; images=&#8220;848,849,850&#8243; img_size=&#8220;full&#8220;][\/vc_column][\/vc_row][vc_row][vc_column width=&#8220;1\/2&#8243;][vc_column_text]Die Piratenbucht, <strong>Balos<\/strong> und das <strong>Kap von Gramvoussa<\/strong>, die Lagune mit dem wei\u00dfen Sand und einer der sch\u00f6nsten Str\u00e4nde des Mittelmeerraumes. Die Aussicht des Kaps aus der H\u00f6he, ist wirklich atemberaubend.[\/vc_column_text][vc_gallery interval=&#8220;0&#8243; images=&#8220;860,861,862&#8243; img_size=&#8220;full&#8220;][\/vc_column][vc_column width=&#8220;1\/2&#8243;][vc_column_text]Die <strong>Samaria-Schlucht<\/strong>, die gr\u00f6\u00dfte Schlucht Europas mit einer L\u00e4nge von 18 km. Es handelt sich hierbei, um eine Route von au\u00dferordentlicher Sch\u00f6nheit zwischen einzigartigen Arten der Flora und Fauna und der erquickenden Wassern die aus den Wei\u00dfen Bergen entspringen. Dort werden Sie 450 verschiedenen Pflanzenarten sehen, w\u00e4hrend Sie auch einer seltenen Art von Bergziegen begegnen k\u00f6nnen, bekannt unter dem Namen Kri-kri.[\/vc_column_text][vc_gallery interval=&#8220;0&#8243; images=&#8220;863,864,865&#8243; img_size=&#8220;full&#8220;][\/vc_column][\/vc_row][vc_row][vc_column width=&#8220;1\/2&#8243;][vc_column_text]Der <strong>Zedernwald (Kedrodasos)<\/strong> von seltener Sch\u00f6nheit, einer von den seltenen Strandw\u00e4ldern in Griechenland und Europa, vollbepflanzt mit Zedern und sauberen kaltem Wasser.[\/vc_column_text][vc_gallery interval=&#8220;0&#8243; images=&#8220;856,857,858&#8243; img_size=&#8220;full&#8220;][\/vc_column][vc_column width=&#8220;1\/2&#8243;][vc_column_text]Der wundersch\u00f6ne <strong>See von Kourna<\/strong>, der einzige nat\u00fcrliche See Kretas. Dort k\u00f6nnen Sie einen Spaziergang machen, ein Tretboot mieten, Enten f\u00fcttern, oder auch an einem seiner Str\u00e4nde baden gehen.[\/vc_column_text][vc_gallery interval=&#8220;0&#8243; images=&#8220;868,869,870&#8243; img_size=&#8220;full&#8220;][\/vc_column][\/vc_row][vc_row][vc_column width=&#8220;1\/2&#8243;][vc_column_text]Das traditionelle <strong>Sfakia<\/strong>, im Norden der Pr\u00e4fektur verbindet die Wildnis der Berge mit dem unermesslichen Blau des Libyschen Meeres. Vers\u00e4umen Sie nicht, neben der Stadt Sfakia, <strong>Fragkokastello<\/strong> zu besuchen mit seinem ber\u00fchmten venezianischen Burg in der immer noch der Mythos um die Drosoulites-K\u00e4mper geistert.[\/vc_column_text][vc_gallery interval=&#8220;0&#8243; images=&#8220;872,873,874,875&#8243; img_size=&#8220;full&#8220;][\/vc_column][vc_column width=&#8220;1\/2&#8243;][vc_column_text]Letztendlich, auch wenn sie nicht in der Pr\u00e4fektur von Chania liegen, sollten zwischen unseren Vorschl\u00e4gen nicht <strong>die Minoischen Pal\u00e4ste von Knossos und Phaistos<\/strong> fehlen, die um die 2000 v.Chr. datiert werden und zu den wichtigsten arch\u00e4ologischen St\u00e4tten Kretas und selbstverst\u00e4ndlich Griechenlands.[\/vc_column_text][vc_gallery interval=&#8220;0&#8243; images=&#8220;876,877,878,879&#8243; img_size=&#8220;full&#8220;][\/vc_column][\/vc_row][vc_row][vc_column][vc_column_text]Da die Sch\u00f6nheiten von Chania unz\u00e4lig sind, <strong>behalten Sie bitte folgende Ausflugsorte im Sinn:<\/strong> Sougia, Palaiochora, Loutro, Aghia Roumeli, Therissos, Zourva\u2026 und fragen Sie uns nach Vorschl\u00e4gen f\u00fcr faszinierende Routen durch Bergd\u00f6rfer, in denen Sie delikate traditionelle Mezedes kosten k\u00f6nnen.[\/vc_column_text][\/vc_column][\/vc_row]<\/p>\n","protected":false},"excerpt":{"rendered":"<p>[vc_row][vc_column][vc_column_text] Ausflugstipps Die geographische Lage der Villa Fleria ist ideal f\u00fcr einfache Exkursionen zu allen nat\u00fcrlichen Sch\u00f6nheiten und historischen Sehensw\u00fcrdigkeiten von Chania und Kreta. Wir schlagen Ihnen vor: [\/vc_column_text][\/vc_column][\/vc_row][vc_row][vc_column width=&#8220;1\/2&#8243;][vc_column_text]Das exotische Elafonissi, mit seinem rosafarbenen Sand, der aus der Tausenden von Muscheln entsteht, die am Strand in kleine St\u00fccke zerbersten.[\/vc_column_text][vc_gallery interval=&#8220;0&#8243; images=&#8220;845,846,847&#8243; img_size=&#8220;full&#8220;][\/vc_column][vc_column width=&#8220;1\/2&#8243;][vc_column_text]Das wundersch\u00f6ne [&hellip;]<\/p>\n","protected":false},"author":1,"featured_media":0,"parent":0,"menu_order":0,"comment_status":"closed","ping_status":"closed","template":"","meta":{"footnotes":""},"translation":{"provider":"WPGlobus","version":"3.0.2","language":"de","enabled_languages":["gr","gb","de"],"languages":{"gr":{"title":true,"content":true,"excerpt":false},"gb":{"title":false,"content":true,"excerpt":false},"de":{"title":false,"content":true,"excerpt":false}}},"class_list":["post-51","page","type-page","status-publish","hentry"],"yoast_head":"<!-- This site is optimized with the Yoast SEO plugin v23.0 - https:\/\/yoast.com\/wordpress\/plugins\/seo\/ -->\n<title>\u03a0\u03c1\u03bf\u03c4\u03ac\u03c3\u03b5\u03b9\u03c2 \u0395\u03ba\u03b4\u03c1\u03bf\u03bc\u03ce\u03bd - Villa Fleria<\/title>\n<meta name=\"robots\" content=\"index, follow, max-snippet:-1, max-image-preview:large, max-video-preview:-1\" \/>\n<link rel=\"canonical\" href=\"https:\/\/www.villafleria.gr\/tripsuggestions\/\" \/>\n<meta property=\"og:locale\" content=\"de_DE\" \/>\n<meta property=\"og:type\" content=\"article\" \/>\n<meta property=\"og:title\" content=\"\u03a0\u03c1\u03bf\u03c4\u03ac\u03c3\u03b5\u03b9\u03c2 \u0395\u03ba\u03b4\u03c1\u03bf\u03bc\u03ce\u03bd - Villa Fleria\" \/>\n<meta property=\"og:url\" content=\"https:\/\/www.villafleria.gr\/tripsuggestions\/\" \/>\n<meta property=\"og:site_name\" content=\"Villa Fleria\" \/>\n<meta property=\"article:modified_time\" content=\"2024-06-28T10:44:28+00:00\" \/>\n<meta name=\"twitter:card\" content=\"summary_large_image\" \/>\n<meta name=\"twitter:label1\" content=\"Gesch\u00e4tzte Lesezeit\" \/>\n\t<meta name=\"twitter:data1\" content=\"8\u00a0Minuten\" \/>\n<script type=\"application\/ld+json\" class=\"yoast-schema-graph\">{\"@context\":\"https:\/\/schema.org\",\"@graph\":[{\"@type\":\"WebPage\",\"@id\":\"https:\/\/www.villafleria.gr\/tripsuggestions\/\",\"url\":\"https:\/\/www.villafleria.gr\/tripsuggestions\/\",\"name\":\"\u03a0\u03c1\u03bf\u03c4\u03ac\u03c3\u03b5\u03b9\u03c2 \u0395\u03ba\u03b4\u03c1\u03bf\u03bc\u03ce\u03bd - Villa Fleria\",\"isPartOf\":{\"@id\":\"https:\/\/www.villafleria.gr\/#website\"},\"datePublished\":\"2016-08-31T12:29:21+00:00\",\"dateModified\":\"2024-06-28T10:44:28+00:00\",\"breadcrumb\":{\"@id\":\"https:\/\/www.villafleria.gr\/tripsuggestions\/#breadcrumb\"},\"inLanguage\":\"de\",\"potentialAction\":[{\"@type\":\"ReadAction\",\"target\":[\"https:\/\/www.villafleria.gr\/tripsuggestions\/\"]}]},{\"@type\":\"BreadcrumbList\",\"@id\":\"https:\/\/www.villafleria.gr\/tripsuggestions\/#breadcrumb\",\"itemListElement\":[{\"@type\":\"ListItem\",\"position\":1,\"name\":\"Home\",\"item\":\"https:\/\/www.villafleria.gr\/\"},{\"@type\":\"ListItem\",\"position\":2,\"name\":\"\u03a0\u03c1\u03bf\u03c4\u03ac\u03c3\u03b5\u03b9\u03c2 \u0395\u03ba\u03b4\u03c1\u03bf\u03bc\u03ce\u03bd\"}]},{\"@type\":\"WebSite\",\"@id\":\"https:\/\/www.villafleria.gr\/#website\",\"url\":\"https:\/\/www.villafleria.gr\/\",\"name\":\"Villa Fleria\",\"description\":\"Seaside Studios &amp; Appaertments\",\"potentialAction\":[{\"@type\":\"SearchAction\",\"target\":{\"@type\":\"EntryPoint\",\"urlTemplate\":\"https:\/\/www.villafleria.gr\/?s={search_term_string}\"},\"query-input\":\"required name=search_term_string\"}],\"inLanguage\":\"de\"}]}<\/script>\n<!-- \/ Yoast SEO plugin. -->","yoast_head_json":{"title":"\u03a0\u03c1\u03bf\u03c4\u03ac\u03c3\u03b5\u03b9\u03c2 \u0395\u03ba\u03b4\u03c1\u03bf\u03bc\u03ce\u03bd - Villa Fleria","robots":{"index":"index","follow":"follow","max-snippet":"max-snippet:-1","max-image-preview":"max-image-preview:large","max-video-preview":"max-video-preview:-1"},"canonical":"https:\/\/www.villafleria.gr\/tripsuggestions\/","og_locale":"de_DE","og_type":"article","og_title":"\u03a0\u03c1\u03bf\u03c4\u03ac\u03c3\u03b5\u03b9\u03c2 \u0395\u03ba\u03b4\u03c1\u03bf\u03bc\u03ce\u03bd - Villa Fleria","og_url":"https:\/\/www.villafleria.gr\/tripsuggestions\/","og_site_name":"Villa Fleria","article_modified_time":"2024-06-28T10:44:28+00:00","twitter_card":"summary_large_image","twitter_misc":{"Gesch\u00e4tzte Lesezeit":"8\u00a0Minuten"},"schema":{"@context":"https:\/\/schema.org","@graph":[{"@type":"WebPage","@id":"https:\/\/www.villafleria.gr\/tripsuggestions\/","url":"https:\/\/www.villafleria.gr\/tripsuggestions\/","name":"\u03a0\u03c1\u03bf\u03c4\u03ac\u03c3\u03b5\u03b9\u03c2 \u0395\u03ba\u03b4\u03c1\u03bf\u03bc\u03ce\u03bd - Villa Fleria","isPartOf":{"@id":"https:\/\/www.villafleria.gr\/#website"},"datePublished":"2016-08-31T12:29:21+00:00","dateModified":"2024-06-28T10:44:28+00:00","breadcrumb":{"@id":"https:\/\/www.villafleria.gr\/tripsuggestions\/#breadcrumb"},"inLanguage":"de","potentialAction":[{"@type":"ReadAction","target":["https:\/\/www.villafleria.gr\/tripsuggestions\/"]}]},{"@type":"BreadcrumbList","@id":"https:\/\/www.villafleria.gr\/tripsuggestions\/#breadcrumb","itemListElement":[{"@type":"ListItem","position":1,"name":"Home","item":"https:\/\/www.villafleria.gr\/"},{"@type":"ListItem","position":2,"name":"\u03a0\u03c1\u03bf\u03c4\u03ac\u03c3\u03b5\u03b9\u03c2 \u0395\u03ba\u03b4\u03c1\u03bf\u03bc\u03ce\u03bd"}]},{"@type":"WebSite","@id":"https:\/\/www.villafleria.gr\/#website","url":"https:\/\/www.villafleria.gr\/","name":"Villa Fleria","description":"Seaside Studios &amp; Appaertments","potentialAction":[{"@type":"SearchAction","target":{"@type":"EntryPoint","urlTemplate":"https:\/\/www.villafleria.gr\/?s={search_term_string}"},"query-input":"required name=search_term_string"}],"inLanguage":"de"}]}},"_links":{"self":[{"href":"https:\/\/www.villafleria.gr\/de\/wp-json\/wp\/v2\/pages\/51"}],"collection":[{"href":"https:\/\/www.villafleria.gr\/de\/wp-json\/wp\/v2\/pages"}],"about":[{"href":"https:\/\/www.villafleria.gr\/de\/wp-json\/wp\/v2\/types\/page"}],"author":[{"embeddable":true,"href":"https:\/\/www.villafleria.gr\/de\/wp-json\/wp\/v2\/users\/1"}],"replies":[{"embeddable":true,"href":"https:\/\/www.villafleria.gr\/de\/wp-json\/wp\/v2\/comments?post=51"}],"version-history":[{"count":50,"href":"https:\/\/www.villafleria.gr\/de\/wp-json\/wp\/v2\/pages\/51\/revisions"}],"predecessor-version":[{"id":909,"href":"https:\/\/www.villafleria.gr\/de\/wp-json\/wp\/v2\/pages\/51\/revisions\/909"}],"wp:attachment":[{"href":"https:\/\/www.villafleria.gr\/de\/wp-json\/wp\/v2\/media?parent=51"}],"curies":[{"name":"wp","href":"https:\/\/api.w.org\/{rel}","templated":true}]}}