{"id":49,"date":"2016-08-31T12:28:51","date_gmt":"2016-08-31T12:28:51","guid":{"rendered":"http:\/\/www.villafleria.gr\/?page_id=49"},"modified":"2024-06-27T15:00:09","modified_gmt":"2024-06-27T12:00:09","slug":"location","status":"publish","type":"page","link":"https:\/\/www.villafleria.gr\/de\/location\/","title":{"rendered":"\u03a0\u03b5\u03c1\u03b9\u03bf\u03c7\u03ae"},"content":{"rendered":"<p>[vc_row][vc_column][vc_column_text]<\/p>\n<h2 class=\"art-postheader\">Ort<\/h2>\n<div class=\"art-postcontent\">\n<div class=\"art-article\">\n<p>Villa Fleria liegt <strong>am Strand<\/strong> des traditionellen Dorfes Pirgos Psilonerou, ganze 10 Minuten von der Stadt Chania entfernt. Vor ihr, gerade mal 100m weit, k\u00f6nnen Sie eines der saubersten Gew\u00e4sser der Pr\u00e4fektur genie\u00dfen, das jedes Jahr die <strong>Blaue Flagge<\/strong> der E.U. aufgrund seiner Sauberkeit erh\u00e4lt. Der Strand erstreckt sich auf 4 km und bietet einen einzigartigen Sonnenuntergang an. Diese Strandachse Richtung Maleme ist ideal f\u00fcr eine Fahrradtour oder einen Spaziergang bis sp\u00e4t abends. Aufgrund seiner nat\u00fcrlichen Sch\u00f6nheit, ist das Gebiet als \u201e<strong>Natura Gebiet<\/strong>\u201c bezeichnet worden.<\/p>\n<p>In weniger als 200 Metern Abstand finden Sie Minim\u00e4rkte <strong>f\u00fcr Ihre Bed\u00fcrfnisse<\/strong> sowie auch traditionelle Tavernen mit allen Leckereien, die die kretische K\u00fcche anzubieten hat.<\/p>\n<p>Auch wenn Villa Fleria die <strong>idealen Voraussetzungen<\/strong> f\u00fcr entspannte und ruhige Ferien bietet, liegt sie nur 3 km weit von Platanias entfernt, ein Ort der f\u00fcr sein Nachtleben bekannt ist. Dort k\u00f6nnen Sie Caf\u00e9s finden, Restaurants und Bars f\u00fcr jeden Geschmack, sowie auch Gesch\u00e4fte f\u00fcr Ihre Eink\u00e4ufe und Ihre Suche nach traditionellen kretischen Produkten.<\/p>\n<\/div>\n<\/div>\n<p>[\/vc_column_text][\/vc_column][\/vc_row]<\/p>\n","protected":false},"excerpt":{"rendered":"<p>[vc_row][vc_column][vc_column_text] Ort Villa Fleria liegt am Strand des traditionellen Dorfes Pirgos Psilonerou, ganze 10 Minuten von der Stadt Chania entfernt. Vor ihr, gerade mal 100m weit, k\u00f6nnen Sie eines der saubersten Gew\u00e4sser der Pr\u00e4fektur genie\u00dfen, das jedes Jahr die Blaue Flagge der E.U. aufgrund seiner Sauberkeit erh\u00e4lt. Der Strand erstreckt sich auf 4 km und [&hellip;]<\/p>\n","protected":false},"author":1,"featured_media":0,"parent":0,"menu_order":0,"comment_status":"closed","ping_status":"closed","template":"","meta":{"footnotes":""},"translation":{"provider":"WPGlobus","version":"3.0.2","language":"de","enabled_languages":["gr","gb","de"],"languages":{"gr":{"title":true,"content":true,"excerpt":false},"gb":{"title":false,"content":true,"excerpt":false},"de":{"title":false,"content":true,"excerpt":false}}},"class_list":["post-49","page","type-page","status-publish","hentry"],"yoast_head":"<!-- This site is optimized with the Yoast SEO plugin v23.0 - https:\/\/yoast.com\/wordpress\/plugins\/seo\/ -->\n<title>\u03a0\u03b5\u03c1\u03b9\u03bf\u03c7\u03ae - Villa Fleria<\/title>\n<meta name=\"robots\" content=\"index, follow, max-snippet:-1, max-image-preview:large, max-video-preview:-1\" \/>\n<link rel=\"canonical\" href=\"https:\/\/www.villafleria.gr\/location\/\" \/>\n<meta property=\"og:locale\" content=\"de_DE\" \/>\n<meta property=\"og:type\" content=\"article\" \/>\n<meta property=\"og:title\" content=\"\u03a0\u03b5\u03c1\u03b9\u03bf\u03c7\u03ae - Villa Fleria\" \/>\n<meta property=\"og:url\" content=\"https:\/\/www.villafleria.gr\/location\/\" \/>\n<meta property=\"og:site_name\" content=\"Villa Fleria\" \/>\n<meta property=\"article:modified_time\" content=\"2024-06-27T12:00:09+00:00\" \/>\n<meta name=\"twitter:card\" content=\"summary_large_image\" \/>\n<meta name=\"twitter:label1\" content=\"Gesch\u00e4tzte Lesezeit\" \/>\n\t<meta name=\"twitter:data1\" content=\"2\u00a0Minuten\" \/>\n<script type=\"application\/ld+json\" class=\"yoast-schema-graph\">{\"@context\":\"https:\/\/schema.org\",\"@graph\":[{\"@type\":\"WebPage\",\"@id\":\"https:\/\/www.villafleria.gr\/location\/\",\"url\":\"https:\/\/www.villafleria.gr\/location\/\",\"name\":\"\u03a0\u03b5\u03c1\u03b9\u03bf\u03c7\u03ae - Villa Fleria\",\"isPartOf\":{\"@id\":\"https:\/\/www.villafleria.gr\/#website\"},\"datePublished\":\"2016-08-31T12:28:51+00:00\",\"dateModified\":\"2024-06-27T12:00:09+00:00\",\"breadcrumb\":{\"@id\":\"https:\/\/www.villafleria.gr\/location\/#breadcrumb\"},\"inLanguage\":\"de\",\"potentialAction\":[{\"@type\":\"ReadAction\",\"target\":[\"https:\/\/www.villafleria.gr\/location\/\"]}]},{\"@type\":\"BreadcrumbList\",\"@id\":\"https:\/\/www.villafleria.gr\/location\/#breadcrumb\",\"itemListElement\":[{\"@type\":\"ListItem\",\"position\":1,\"name\":\"Home\",\"item\":\"https:\/\/www.villafleria.gr\/\"},{\"@type\":\"ListItem\",\"position\":2,\"name\":\"\u03a0\u03b5\u03c1\u03b9\u03bf\u03c7\u03ae\"}]},{\"@type\":\"WebSite\",\"@id\":\"https:\/\/www.villafleria.gr\/#website\",\"url\":\"https:\/\/www.villafleria.gr\/\",\"name\":\"Villa Fleria\",\"description\":\"Seaside Studios &amp; Appaertments\",\"potentialAction\":[{\"@type\":\"SearchAction\",\"target\":{\"@type\":\"EntryPoint\",\"urlTemplate\":\"https:\/\/www.villafleria.gr\/?s={search_term_string}\"},\"query-input\":\"required name=search_term_string\"}],\"inLanguage\":\"de\"}]}<\/script>\n<!-- \/ Yoast SEO plugin. -->","yoast_head_json":{"title":"\u03a0\u03b5\u03c1\u03b9\u03bf\u03c7\u03ae - Villa Fleria","robots":{"index":"index","follow":"follow","max-snippet":"max-snippet:-1","max-image-preview":"max-image-preview:large","max-video-preview":"max-video-preview:-1"},"canonical":"https:\/\/www.villafleria.gr\/location\/","og_locale":"de_DE","og_type":"article","og_title":"\u03a0\u03b5\u03c1\u03b9\u03bf\u03c7\u03ae - Villa Fleria","og_url":"https:\/\/www.villafleria.gr\/location\/","og_site_name":"Villa Fleria","article_modified_time":"2024-06-27T12:00:09+00:00","twitter_card":"summary_large_image","twitter_misc":{"Gesch\u00e4tzte Lesezeit":"2\u00a0Minuten"},"schema":{"@context":"https:\/\/schema.org","@graph":[{"@type":"WebPage","@id":"https:\/\/www.villafleria.gr\/location\/","url":"https:\/\/www.villafleria.gr\/location\/","name":"\u03a0\u03b5\u03c1\u03b9\u03bf\u03c7\u03ae - Villa Fleria","isPartOf":{"@id":"https:\/\/www.villafleria.gr\/#website"},"datePublished":"2016-08-31T12:28:51+00:00","dateModified":"2024-06-27T12:00:09+00:00","breadcrumb":{"@id":"https:\/\/www.villafleria.gr\/location\/#breadcrumb"},"inLanguage":"de","potentialAction":[{"@type":"ReadAction","target":["https:\/\/www.villafleria.gr\/location\/"]}]},{"@type":"BreadcrumbList","@id":"https:\/\/www.villafleria.gr\/location\/#breadcrumb","itemListElement":[{"@type":"ListItem","position":1,"name":"Home","item":"https:\/\/www.villafleria.gr\/"},{"@type":"ListItem","position":2,"name":"\u03a0\u03b5\u03c1\u03b9\u03bf\u03c7\u03ae"}]},{"@type":"WebSite","@id":"https:\/\/www.villafleria.gr\/#website","url":"https:\/\/www.villafleria.gr\/","name":"Villa Fleria","description":"Seaside Studios &amp; Appaertments","potentialAction":[{"@type":"SearchAction","target":{"@type":"EntryPoint","urlTemplate":"https:\/\/www.villafleria.gr\/?s={search_term_string}"},"query-input":"required name=search_term_string"}],"inLanguage":"de"}]}},"_links":{"self":[{"href":"https:\/\/www.villafleria.gr\/de\/wp-json\/wp\/v2\/pages\/49"}],"collection":[{"href":"https:\/\/www.villafleria.gr\/de\/wp-json\/wp\/v2\/pages"}],"about":[{"href":"https:\/\/www.villafleria.gr\/de\/wp-json\/wp\/v2\/types\/page"}],"author":[{"embeddable":true,"href":"https:\/\/www.villafleria.gr\/de\/wp-json\/wp\/v2\/users\/1"}],"replies":[{"embeddable":true,"href":"https:\/\/www.villafleria.gr\/de\/wp-json\/wp\/v2\/comments?post=49"}],"version-history":[{"count":8,"href":"https:\/\/www.villafleria.gr\/de\/wp-json\/wp\/v2\/pages\/49\/revisions"}],"predecessor-version":[{"id":572,"href":"https:\/\/www.villafleria.gr\/de\/wp-json\/wp\/v2\/pages\/49\/revisions\/572"}],"wp:attachment":[{"href":"https:\/\/www.villafleria.gr\/de\/wp-json\/wp\/v2\/media?parent=49"}],"curies":[{"name":"wp","href":"https:\/\/api.w.org\/{rel}","templated":true}]}}