{"id":20,"date":"2016-08-26T07:56:44","date_gmt":"2016-08-26T07:56:44","guid":{"rendered":"http:\/\/www.villafleria.gr\/?page_id=20"},"modified":"2025-07-01T00:51:30","modified_gmt":"2025-06-30T21:51:30","slug":"rooms","status":"publish","type":"page","link":"https:\/\/www.villafleria.gr\/de\/rooms\/","title":{"rendered":"\u0394\u03c9\u03bc\u03ac\u03c4\u03b9\u03b1"},"content":{"rendered":"<p>[vc_row][vc_column][vc_column_text][\/vc_column_text][\/vc_column][\/vc_row][vc_row][vc_column][vc_column_text]<\/p>\n<h2 class=\"art-postheader\">Zimmer<\/h2>\n<div class=\"art-postcontent\">\n<div class=\"art-article\">\n<p>Villa Fleria besteht aus drei Studios, zwei Appartements und einer Suite, allesamt mit separatem Eingang. Sie verf\u00fcgen alle \u00fcber eine uneingeschr\u00e4nkte Sicht auf das Kretische Meer und den Sonnenuntergang bis auf das Appartement, das \u00fcber ein eigenes Spalier verf\u00fcgt das zur exklusiven Nutzung bestimmt ist.<\/p>\n<p><strong>Die Villa Fleria kann beherbergen:<\/strong><\/p>\n<ul>\n<li>Zwischen 1 bis 3 Personen in jedem Studio<\/li>\n<li>Zwischen 4 und 5 Personen in jedem Appartement<\/li>\n<\/ul>\n<p>Die Zimmer sind ger\u00e4umig mit puristischer Ausstattung, jedes mit seiner individuellen Note. Die Betten k\u00f6nnen miteinander verbunden werden und zu Doppelbetten umgewandelt werden, w\u00e4hrend die Appartements, die \u00fcber einen Wohnraum verf\u00fcgen, bequem in ein separates Zimmer verwandelt werden k\u00f6nnen mit zwei bis drei Einzelbetten.<\/p>\n<\/div>\n<\/div>\n<p>[\/vc_column_text][vc_row_inner][vc_column_inner width=&#8220;1\/2&#8243;][vc_column_text]<strong>Die Zimmer verf\u00fcgen \u00fcber:<\/strong><\/p>\n<ul>\n<li>Balkon mit Aussicht zum Meer (oder die exklusive Nutzung des Gartenspaliers)<\/li>\n<li>Klimaanlage<\/li>\n<li>Flachbildfernseher<\/li>\n<li>Geldtresor<\/li>\n<li>Vollausgestattete K\u00fcche<\/li>\n<li>K\u00fchlschrank<\/li>\n<li>Kaffeemaschine<\/li>\n<\/ul>\n<p>[\/vc_column_text][\/vc_column_inner][vc_column_inner width=&#8220;1\/2&#8243;][vc_empty_space][vc_column_text]<\/p>\n<ul>\n<li>Haartrockner<\/li>\n<li>Pflegesets<\/li>\n<li>B\u00fcgelbrett<\/li>\n<li>B\u00fcgeleisen (nach Vereinbarung)<\/li>\n<li>Kostenloses W-LAN<\/li>\n<\/ul>\n<p>[\/vc_column_text][\/vc_column_inner][\/vc_row_inner][\/vc_column][\/vc_row][vc_row full_width=&#8220;stretch_row_content&#8220;][vc_column width=&#8220;1\/4&#8243;][vc_column_text]<\/p>\n<h5>Sea View Studio 3<\/h5>\n<p>[\/vc_column_text][vc_gallery interval=&#8220;0&#8243; images=&#8220;915,916,917,919,920&#8243; img_size=&#8220;full&#8220;][\/vc_column][vc_column width=&#8220;1\/4&#8243;][vc_column_text]<\/p>\n<h5>Sea View Apartment<\/h5>\n<p>[\/vc_column_text][vc_gallery interval=&#8220;0&#8243; images=&#8220;931,932,237,246&#8243; img_size=&#8220;full&#8220;][\/vc_column][vc_column width=&#8220;1\/4&#8243;][vc_column_text]<\/p>\n<h5>Sea View Studio 2<\/h5>\n<p>[\/vc_column_text][vc_gallery interval=&#8220;0&#8243; images=&#8220;927,928,929,930&#8243; img_size=&#8220;full&#8220;][\/vc_column][vc_column width=&#8220;1\/4&#8243;][vc_column_text]<\/p>\n<h5>Sea View Studio 4<\/h5>\n<p>[\/vc_column_text][vc_gallery interval=&#8220;0&#8243; images=&#8220;922,923,924,925,926&#8243; img_size=&#8220;full&#8220;][\/vc_column][\/vc_row][vc_row full_width=&#8220;stretch_row_content&#8220;][vc_column width=&#8220;1\/3&#8243;][\/vc_column][vc_column width=&#8220;1\/3&#8243;][vc_column_text]<\/p>\n<h5>Superior Garden Apartment<\/h5>\n<p>[\/vc_column_text][vc_gallery interval=&#8220;0&#8243; images=&#8220;797,796,795,794,793,792,791,790,957,956,955,954&#8243; img_size=&#8220;full&#8220;][\/vc_column][vc_column width=&#8220;1\/3&#8243;][vc_column_text]<\/p>\n<h5>Suite with sea view<\/h5>\n<p>[\/vc_column_text][vc_gallery interval=&#8220;0&#8243; images=&#8220;988,987,986,985,984,983,982,981,980,979,978,977,976,975,974,973,972,971&#8243; img_size=&#8220;full&#8220;][\/vc_column][\/vc_row]<\/p>\n","protected":false},"excerpt":{"rendered":"<p>[vc_row][vc_column][vc_column_text][\/vc_column_text][\/vc_column][\/vc_row][vc_row][vc_column][vc_column_text] Zimmer Villa Fleria besteht aus drei Studios, zwei Appartements und einer Suite, allesamt mit separatem Eingang. Sie verf\u00fcgen alle \u00fcber eine uneingeschr\u00e4nkte Sicht auf das Kretische Meer und den Sonnenuntergang bis auf das Appartement, das \u00fcber ein eigenes Spalier verf\u00fcgt das zur exklusiven Nutzung bestimmt ist. Die Villa Fleria kann beherbergen: Zwischen 1 bis [&hellip;]<\/p>\n","protected":false},"author":1,"featured_media":0,"parent":0,"menu_order":0,"comment_status":"closed","ping_status":"closed","template":"","meta":{"footnotes":""},"translation":{"provider":"WPGlobus","version":"3.0.2","language":"de","enabled_languages":["gr","gb","de"],"languages":{"gr":{"title":true,"content":true,"excerpt":false},"gb":{"title":true,"content":true,"excerpt":false},"de":{"title":false,"content":true,"excerpt":false}}},"class_list":["post-20","page","type-page","status-publish","hentry"],"yoast_head":"<!-- This site is optimized with the Yoast SEO plugin v23.0 - https:\/\/yoast.com\/wordpress\/plugins\/seo\/ -->\n<title>- Villa Fleria<\/title>\n<meta name=\"robots\" content=\"index, follow, max-snippet:-1, max-image-preview:large, max-video-preview:-1\" \/>\n<link rel=\"canonical\" href=\"https:\/\/www.villafleria.gr\/rooms\/\" \/>\n<meta property=\"og:locale\" content=\"de_DE\" \/>\n<meta property=\"og:type\" content=\"article\" \/>\n<meta property=\"og:title\" content=\"- Villa Fleria\" \/>\n<meta property=\"og:url\" content=\"https:\/\/www.villafleria.gr\/rooms\/\" \/>\n<meta property=\"og:site_name\" content=\"Villa Fleria\" \/>\n<meta property=\"article:modified_time\" content=\"2025-06-30T21:51:30+00:00\" \/>\n<meta name=\"twitter:card\" content=\"summary_large_image\" \/>\n<meta name=\"twitter:label1\" content=\"Gesch\u00e4tzte Lesezeit\" \/>\n\t<meta name=\"twitter:data1\" content=\"10\u00a0Minuten\" \/>\n<script type=\"application\/ld+json\" class=\"yoast-schema-graph\">{\"@context\":\"https:\/\/schema.org\",\"@graph\":[{\"@type\":\"WebPage\",\"@id\":\"https:\/\/www.villafleria.gr\/rooms\/\",\"url\":\"https:\/\/www.villafleria.gr\/rooms\/\",\"name\":\"- Villa Fleria\",\"isPartOf\":{\"@id\":\"https:\/\/www.villafleria.gr\/#website\"},\"datePublished\":\"2016-08-26T07:56:44+00:00\",\"dateModified\":\"2025-06-30T21:51:30+00:00\",\"breadcrumb\":{\"@id\":\"https:\/\/www.villafleria.gr\/rooms\/#breadcrumb\"},\"inLanguage\":\"de\",\"potentialAction\":[{\"@type\":\"ReadAction\",\"target\":[\"https:\/\/www.villafleria.gr\/rooms\/\"]}]},{\"@type\":\"BreadcrumbList\",\"@id\":\"https:\/\/www.villafleria.gr\/rooms\/#breadcrumb\",\"itemListElement\":[{\"@type\":\"ListItem\",\"position\":1,\"name\":\"Home\",\"item\":\"https:\/\/www.villafleria.gr\/\"},{\"@type\":\"ListItem\",\"position\":2,\"name\":\"\u0394\u03c9\u03bc\u03ac\u03c4\u03b9\u03b1\"}]},{\"@type\":\"WebSite\",\"@id\":\"https:\/\/www.villafleria.gr\/#website\",\"url\":\"https:\/\/www.villafleria.gr\/\",\"name\":\"Villa Fleria\",\"description\":\"Seaside Studios &amp; Appaertments\",\"potentialAction\":[{\"@type\":\"SearchAction\",\"target\":{\"@type\":\"EntryPoint\",\"urlTemplate\":\"https:\/\/www.villafleria.gr\/?s={search_term_string}\"},\"query-input\":\"required name=search_term_string\"}],\"inLanguage\":\"de\"}]}<\/script>\n<!-- \/ Yoast SEO plugin. -->","yoast_head_json":{"title":"- Villa Fleria","robots":{"index":"index","follow":"follow","max-snippet":"max-snippet:-1","max-image-preview":"max-image-preview:large","max-video-preview":"max-video-preview:-1"},"canonical":"https:\/\/www.villafleria.gr\/rooms\/","og_locale":"de_DE","og_type":"article","og_title":"- Villa Fleria","og_url":"https:\/\/www.villafleria.gr\/rooms\/","og_site_name":"Villa Fleria","article_modified_time":"2025-06-30T21:51:30+00:00","twitter_card":"summary_large_image","twitter_misc":{"Gesch\u00e4tzte Lesezeit":"10\u00a0Minuten"},"schema":{"@context":"https:\/\/schema.org","@graph":[{"@type":"WebPage","@id":"https:\/\/www.villafleria.gr\/rooms\/","url":"https:\/\/www.villafleria.gr\/rooms\/","name":"- Villa Fleria","isPartOf":{"@id":"https:\/\/www.villafleria.gr\/#website"},"datePublished":"2016-08-26T07:56:44+00:00","dateModified":"2025-06-30T21:51:30+00:00","breadcrumb":{"@id":"https:\/\/www.villafleria.gr\/rooms\/#breadcrumb"},"inLanguage":"de","potentialAction":[{"@type":"ReadAction","target":["https:\/\/www.villafleria.gr\/rooms\/"]}]},{"@type":"BreadcrumbList","@id":"https:\/\/www.villafleria.gr\/rooms\/#breadcrumb","itemListElement":[{"@type":"ListItem","position":1,"name":"Home","item":"https:\/\/www.villafleria.gr\/"},{"@type":"ListItem","position":2,"name":"\u0394\u03c9\u03bc\u03ac\u03c4\u03b9\u03b1"}]},{"@type":"WebSite","@id":"https:\/\/www.villafleria.gr\/#website","url":"https:\/\/www.villafleria.gr\/","name":"Villa Fleria","description":"Seaside Studios &amp; Appaertments","potentialAction":[{"@type":"SearchAction","target":{"@type":"EntryPoint","urlTemplate":"https:\/\/www.villafleria.gr\/?s={search_term_string}"},"query-input":"required name=search_term_string"}],"inLanguage":"de"}]}},"_links":{"self":[{"href":"https:\/\/www.villafleria.gr\/de\/wp-json\/wp\/v2\/pages\/20"}],"collection":[{"href":"https:\/\/www.villafleria.gr\/de\/wp-json\/wp\/v2\/pages"}],"about":[{"href":"https:\/\/www.villafleria.gr\/de\/wp-json\/wp\/v2\/types\/page"}],"author":[{"embeddable":true,"href":"https:\/\/www.villafleria.gr\/de\/wp-json\/wp\/v2\/users\/1"}],"replies":[{"embeddable":true,"href":"https:\/\/www.villafleria.gr\/de\/wp-json\/wp\/v2\/comments?post=20"}],"version-history":[{"count":98,"href":"https:\/\/www.villafleria.gr\/de\/wp-json\/wp\/v2\/pages\/20\/revisions"}],"predecessor-version":[{"id":994,"href":"https:\/\/www.villafleria.gr\/de\/wp-json\/wp\/v2\/pages\/20\/revisions\/994"}],"wp:attachment":[{"href":"https:\/\/www.villafleria.gr\/de\/wp-json\/wp\/v2\/media?parent=20"}],"curies":[{"name":"wp","href":"https:\/\/api.w.org\/{rel}","templated":true}]}}